{"id":87,"date":"2021-05-24T20:31:10","date_gmt":"2021-05-24T20:31:10","guid":{"rendered":"http:\/\/xn--kbes-5qa.net\/?page_id=87"},"modified":"2022-05-09T18:36:12","modified_gmt":"2022-05-09T18:36:12","slug":"bestell-berta","status":"publish","type":"page","link":"https:\/\/koeb.es\/?page_id=87","title":{"rendered":"Bestell Berta!"},"content":{"rendered":"\n<p>Unsere Berta ist die diensterfahrenste im Team K\u00d6B&amp;ES. Ganz in ein neues Outfit gekleidet sammelt unsere Berta alleine schon durch ihr frisches Erscheinungsbild die Feierfreudigen in Str\u00f6men um sich. Berta mag dabei vielleicht nicht mehr die j\u00fcngste sein, aber sie kann eins: abliefern.<\/p>\n\n\n\n<p><strong>Berta&#8217;s Vorz\u00fcge liegen dabei auf den R\u00e4dern:<\/strong><\/p>\n\n\n\n<ul class=\"wp-block-list\" id=\"block-d95aaedb-c201-404f-8749-bc837aad1765\"><li><strong>LEISTUNG:<\/strong><ul><li>zwei Hochleistungs-Zapfstellen mit integriertem Durchlaufk\u00fchler<\/li><li>zwei, voneinander getrennte KEG-Anschlussstellen<br>(KEG-Anschl\u00fcsse f\u00fcr Flach\/Kombi vorhanden)<\/li><li>komplett unterk\u00fchlte Zapftheke (K\u00fchlzelle mit Stauraum f\u00fcr 8x50l)<\/li><li>gro\u00dfe Flaschenk\u00fchltruhe (z.B. f\u00fcr Softdrinks)<\/li><\/ul><\/li><\/ul>\n\n\n\n<ul class=\"wp-block-list\" id=\"block-d95aaedb-c201-404f-8749-bc837aad1765\"><li><strong>PLATZ:<\/strong><ul><li>einladender 360\u00b0 Ausschank <\/li><li>circa 14m bedienbare Theke mit Ausbau \u00fcber der Deichsel<\/li><\/ul><\/li><\/ul>\n\n\n\n<ul class=\"wp-block-list\" id=\"block-e380108a-5e5c-47c5-8998-aa0aa7cff5f1\"><li><strong>und ein bisschen Chichi:<\/strong><ul><li>Multi-Spot-Ausleuchtung<\/li><li>individuell einstellbare LED Ambiente-Beleuchtung<\/li><\/ul><\/li><\/ul>\n\n\n\n<figure class=\"wp-block-gallery has-nested-images columns-default is-cropped wp-block-gallery-1 is-layout-flex wp-block-gallery-is-layout-flex\">\n<figure class=\"wp-block-image size-large\"><img loading=\"lazy\" decoding=\"async\" width=\"1024\" height=\"768\" data-id=\"220\" src=\"http:\/\/koeb.es\/wp-content\/uploads\/2022\/05\/Berta1-1-1024x768.jpg\" alt=\"\" class=\"wp-image-220\" srcset=\"https:\/\/koeb.es\/wp-content\/uploads\/2022\/05\/Berta1-1-1024x768.jpg 1024w, https:\/\/koeb.es\/wp-content\/uploads\/2022\/05\/Berta1-1-300x225.jpg 300w, https:\/\/koeb.es\/wp-content\/uploads\/2022\/05\/Berta1-1-768x576.jpg 768w, https:\/\/koeb.es\/wp-content\/uploads\/2022\/05\/Berta1-1.jpg 1257w\" sizes=\"auto, (max-width: 1024px) 100vw, 1024px\" \/><\/figure>\n\n\n\n<figure class=\"wp-block-image size-large\"><img loading=\"lazy\" decoding=\"async\" width=\"1024\" height=\"768\" data-id=\"222\" src=\"http:\/\/koeb.es\/wp-content\/uploads\/2022\/05\/Berta2-1024x768.jpg\" alt=\"\" class=\"wp-image-222\" srcset=\"https:\/\/koeb.es\/wp-content\/uploads\/2022\/05\/Berta2-1024x768.jpg 1024w, https:\/\/koeb.es\/wp-content\/uploads\/2022\/05\/Berta2-300x225.jpg 300w, https:\/\/koeb.es\/wp-content\/uploads\/2022\/05\/Berta2-768x576.jpg 768w, https:\/\/koeb.es\/wp-content\/uploads\/2022\/05\/Berta2.jpg 1160w\" sizes=\"auto, (max-width: 1024px) 100vw, 1024px\" \/><\/figure>\n\n\n\n<figure class=\"wp-block-image size-large\"><img loading=\"lazy\" decoding=\"async\" width=\"1024\" height=\"768\" data-id=\"221\" src=\"http:\/\/koeb.es\/wp-content\/uploads\/2022\/05\/Berta3-1024x768.jpg\" alt=\"\" class=\"wp-image-221\" srcset=\"https:\/\/koeb.es\/wp-content\/uploads\/2022\/05\/Berta3-1024x768.jpg 1024w, https:\/\/koeb.es\/wp-content\/uploads\/2022\/05\/Berta3-300x225.jpg 300w, https:\/\/koeb.es\/wp-content\/uploads\/2022\/05\/Berta3-768x576.jpg 768w, https:\/\/koeb.es\/wp-content\/uploads\/2022\/05\/Berta3.jpg 1160w\" sizes=\"auto, (max-width: 1024px) 100vw, 1024px\" \/><\/figure>\n<\/figure>\n","protected":false},"excerpt":{"rendered":"<p>Unsere Berta ist die diensterfahrenste im Team K\u00d6B&amp;ES. Ganz in ein neues Outfit gekleidet sammelt unsere Berta alleine schon durch ihr frisches Erscheinungsbild die Feierfreudigen in Str\u00f6men um sich. Berta &#8230; <\/p>\n<div class=\"text-center\"><a class=\"more-link\" href=\"https:\/\/koeb.es\/?page_id=87\">Read More <i class=\"fa fa-angle-double-right\"><\/i><\/a><\/div>\n","protected":false},"author":1,"featured_media":0,"parent":0,"menu_order":0,"comment_status":"closed","ping_status":"closed","template":"","meta":{"footnotes":""},"class_list":["post-87","page","type-page","status-publish","hentry"],"_links":{"self":[{"href":"https:\/\/koeb.es\/index.php?rest_route=\/wp\/v2\/pages\/87","targetHints":{"allow":["GET"]}}],"collection":[{"href":"https:\/\/koeb.es\/index.php?rest_route=\/wp\/v2\/pages"}],"about":[{"href":"https:\/\/koeb.es\/index.php?rest_route=\/wp\/v2\/types\/page"}],"author":[{"embeddable":true,"href":"https:\/\/koeb.es\/index.php?rest_route=\/wp\/v2\/users\/1"}],"replies":[{"embeddable":true,"href":"https:\/\/koeb.es\/index.php?rest_route=%2Fwp%2Fv2%2Fcomments&post=87"}],"version-history":[{"count":7,"href":"https:\/\/koeb.es\/index.php?rest_route=\/wp\/v2\/pages\/87\/revisions"}],"predecessor-version":[{"id":224,"href":"https:\/\/koeb.es\/index.php?rest_route=\/wp\/v2\/pages\/87\/revisions\/224"}],"wp:attachment":[{"href":"https:\/\/koeb.es\/index.php?rest_route=%2Fwp%2Fv2%2Fmedia&parent=87"}],"curies":[{"name":"wp","href":"https:\/\/api.w.org\/{rel}","templated":true}]}}