{"id":89,"date":"2021-05-24T20:31:17","date_gmt":"2021-05-24T20:31:17","guid":{"rendered":"http:\/\/xn--kbes-5qa.net\/?page_id=89"},"modified":"2022-03-16T20:46:56","modified_gmt":"2022-03-16T20:46:56","slug":"wir","status":"publish","type":"page","link":"https:\/\/koeb.es\/?page_id=89","title":{"rendered":"WIR"},"content":{"rendered":"\n<p><strong>Wer sind wir?<\/strong><br>K\u00d6B&amp;ES ist ein kunterbuntes Team bestehend aus Azubis, Studenten und normalen Arbeitnehmern der diversesten Branchen aus dem Gro\u00dfraum K\u00f6ln. Was uns verbindet ist die Freude an gelegentlichen Festivit\u00e4ten im Bereich der Gastronomie.<\/p>\n\n\n\n<p><strong>Was sind wir nicht?<\/strong><br>Hauptberufliche Kellner. Und vermutlich macht auch genau das den Unterschied zu anderen Teams.<\/p>\n\n\n\n<p><\/p>\n","protected":false},"excerpt":{"rendered":"<p>Wer sind wir?K\u00d6B&amp;ES ist ein kunterbuntes Team bestehend aus Azubis, Studenten und normalen Arbeitnehmern der diversesten Branchen aus dem Gro\u00dfraum K\u00f6ln. Was uns verbindet ist die Freude an gelegentlichen Festivit\u00e4ten &#8230; <\/p>\n<div class=\"text-center\"><a class=\"more-link\" href=\"https:\/\/koeb.es\/?page_id=89\">Read More <i class=\"fa fa-angle-double-right\"><\/i><\/a><\/div>\n","protected":false},"author":1,"featured_media":0,"parent":0,"menu_order":0,"comment_status":"closed","ping_status":"closed","template":"","meta":{"footnotes":""},"class_list":["post-89","page","type-page","status-publish","hentry"],"_links":{"self":[{"href":"https:\/\/koeb.es\/index.php?rest_route=\/wp\/v2\/pages\/89","targetHints":{"allow":["GET"]}}],"collection":[{"href":"https:\/\/koeb.es\/index.php?rest_route=\/wp\/v2\/pages"}],"about":[{"href":"https:\/\/koeb.es\/index.php?rest_route=\/wp\/v2\/types\/page"}],"author":[{"embeddable":true,"href":"https:\/\/koeb.es\/index.php?rest_route=\/wp\/v2\/users\/1"}],"replies":[{"embeddable":true,"href":"https:\/\/koeb.es\/index.php?rest_route=%2Fwp%2Fv2%2Fcomments&post=89"}],"version-history":[{"count":3,"href":"https:\/\/koeb.es\/index.php?rest_route=\/wp\/v2\/pages\/89\/revisions"}],"predecessor-version":[{"id":176,"href":"https:\/\/koeb.es\/index.php?rest_route=\/wp\/v2\/pages\/89\/revisions\/176"}],"wp:attachment":[{"href":"https:\/\/koeb.es\/index.php?rest_route=%2Fwp%2Fv2%2Fmedia&parent=89"}],"curies":[{"name":"wp","href":"https:\/\/api.w.org\/{rel}","templated":true}]}}